{"id":18707,"date":"2019-08-31T12:20:34","date_gmt":"2019-08-31T10:20:34","guid":{"rendered":"https:\/\/ttaventura.com\/about-us\/"},"modified":"2019-08-31T12:20:39","modified_gmt":"2019-08-31T10:20:39","slug":"about-us","status":"publish","type":"page","link":"https:\/\/ttaventura.com\/en\/about-us\/","title":{"rendered":"About us"},"content":{"rendered":"<p>[et_pb_section fb_built=&#8221;1&#8243; fullwidth=&#8221;on&#8221; _builder_version=&#8221;3.3.1&#8243; custom_padding=&#8221;0px|0px|42px|0px|false|false&#8221; background_image=&#8221;https:\/\/ttaventura.com\/wp-content\/uploads\/2019\/06\/IMG_8278.jpg&#8221;][et_pb_fullwidth_slider _builder_version=&#8221;3.3.1&#8243; box_shadow_style=&#8221;preset6&#8243; box_shadow_blur=&#8221;10px&#8221; box_shadow_color=&#8221;rgba(0,0,0,0.1)&#8221; show_inner_shadow=&#8221;on&#8221;][et_pb_slide heading=&#8221;About us&#8221; use_bg_overlay=&#8221;off&#8221; use_text_overlay=&#8221;off&#8221; _builder_version=&#8221;3.3.1&#8243; header_font=&#8221;|600|||||||&#8221; header_font_size=&#8221;64px&#8221; header_text_shadow_style=&#8221;preset1&#8243; background_color=&#8221;#ffffff&#8221; background_image=&#8221;https:\/\/ttaventura.com\/wp-content\/uploads\/2019\/06\/IMG_8278.jpg&#8221; custom_padding=&#8221;|||&#8221;][\/et_pb_slide][\/et_pb_fullwidth_slider][\/et_pb_section][et_pb_section fb_built=&#8221;1&#8243; _builder_version=&#8221;3.0.47&#8243;][et_pb_row _builder_version=&#8221;3.0.47&#8243; background_size=&#8221;initial&#8221; background_position=&#8221;top_left&#8221; background_repeat=&#8221;repeat&#8221; custom_padding=&#8221;45px|0px|32px|0px|false|false&#8221;][et_pb_column type=&#8221;4_4&#8243; _builder_version=&#8221;3.0.47&#8243; parallax=&#8221;off&#8221; parallax_method=&#8221;on&#8221;][et_pb_text _builder_version=&#8221;3.3.1&#8243; text_font=&#8221;||||||||&#8221; custom_margin=&#8221;14px||12px|&#8221;]<img loading=\"lazy\" decoding=\"async\" class=\"wp-image-18089 alignnone size-medium\" src=\"https:\/\/ttaventura.com\/wp-content\/uploads\/2019\/06\/TT-transparente-300x152.gif\" alt=\"\" width=\"300\" height=\"152\" srcset=\"https:\/\/ttaventura.com\/wp-content\/uploads\/2019\/06\/TT-transparente-300x152.gif 300w, https:\/\/ttaventura.com\/wp-content\/uploads\/2019\/06\/TT-transparente-768x389.gif 768w, https:\/\/ttaventura.com\/wp-content\/uploads\/2019\/06\/TT-transparente-1024x519.gif 1024w, https:\/\/ttaventura.com\/wp-content\/uploads\/2019\/06\/TT-transparente-1080x547.gif 1080w\" sizes=\"(max-width: 300px) 100vw, 300px\" \/><\/p>\n<p style=\"text-align: justify;\">T-T aventura es el resultado de 25 a\u00f1os de experiencia en la realizaci\u00f3n de actividades tur\u00edsticas (deportivas y culturales) de un equipo de profesionales.<\/p>\n<p style=\"text-align: justify;\">Ubicada en A\u00ednsa, en pleno centro de la comarca de Sobrarbe, ofrecemos aventura y diversi\u00f3n en los mejores enclaves del Pirineo de Huesca. La diversidad geogr\u00e1fica de nuestro entorno nos permite disfrutar de la mayor\u00eda de actividades que se desarrollan en la Naturaleza durante todas las estaciones del a\u00f1o.<\/p>\n<p style=\"text-align: justify;\">Aventura y actividades para todos los p\u00fablicos, desde paseos en canoa por el embalse de Mediano, barrancos y rutas de senderismo por los valles del Parque Nacional de Ordesa y Monteperdido, el valle de Chistau, Tella o los Parques Naturales de Posets-Maladeta y\u00a0 el de la Sierra y los Ca\u00f1ones de Guara, hasta descensos de r\u00edos de aguas bravas como el Cinca, el Ara, el \u00c9sera o el Cinqueta.<\/p>\n<p style=\"text-align: justify;\">Encontrar\u00e1s actividades muy asequibles para disfrutar en familia, otras en que s\u00f3lo necesitamos las ganas y otras en las que la experiencia es obligatoria.<\/p>\n<p style=\"text-align: justify;\">Grupos o particulares, colegios, clubes, asociaciones o empresas, todo el mundo tiene cabida en nuestros programas.<\/p>\n<p style=\"text-align: justify;\">Carmen y Tete, desde nuestra oficina de A\u00ednsa, te aconsejar\u00e1n de la opci\u00f3n m\u00e1s adecuada.<\/p>\n<p style=\"text-align: justify;\">Excepto Semana Santa y verano, tambi\u00e9n gestionamos alojamiento y otros servicios, sin costes ni comisiones.<\/p>\n<p style=\"text-align: justify;\">En nuestra oficina de Ainsa tambi\u00e9n podr\u00e1s obtener informaci\u00f3n de las previsiones meteorol\u00f3gicas, del caudal de los r\u00edos y ca\u00f1ones, de la cantidad de nieve y su estado o alquilar material de monta\u00f1a (neoprenos, mochilas, canoas, bicicletas, arn\u00e9s, casco, piolet, crampones, raquetas, etc\u2026 )<\/p>\n<p>[\/et_pb_text][\/et_pb_column][\/et_pb_row][\/et_pb_section]<\/p>\n","protected":false},"excerpt":{"rendered":"<p>T-T aventura es el resultado de 25 a\u00f1os de experiencia en la realizaci\u00f3n de actividades tur\u00edsticas (deportivas y culturales) de un equipo de profesionales. Ubicada en A\u00ednsa, en pleno centro de la comarca de Sobrarbe, ofrecemos aventura y diversi\u00f3n en los mejores enclaves del Pirineo de Huesca. La diversidad geogr\u00e1fica de nuestro entorno nos permite [&hellip;]<\/p>\n","protected":false},"author":1,"featured_media":0,"parent":0,"menu_order":0,"comment_status":"closed","ping_status":"open","template":"","meta":{"_et_pb_use_builder":"on","_et_pb_old_content":"","_et_gb_content_width":"","footnotes":""},"class_list":["post-18707","page","type-page","status-publish","hentry"],"_links":{"self":[{"href":"https:\/\/ttaventura.com\/en\/wp-json\/wp\/v2\/pages\/18707","targetHints":{"allow":["GET"]}}],"collection":[{"href":"https:\/\/ttaventura.com\/en\/wp-json\/wp\/v2\/pages"}],"about":[{"href":"https:\/\/ttaventura.com\/en\/wp-json\/wp\/v2\/types\/page"}],"author":[{"embeddable":true,"href":"https:\/\/ttaventura.com\/en\/wp-json\/wp\/v2\/users\/1"}],"replies":[{"embeddable":true,"href":"https:\/\/ttaventura.com\/en\/wp-json\/wp\/v2\/comments?post=18707"}],"version-history":[{"count":1,"href":"https:\/\/ttaventura.com\/en\/wp-json\/wp\/v2\/pages\/18707\/revisions"}],"predecessor-version":[{"id":18708,"href":"https:\/\/ttaventura.com\/en\/wp-json\/wp\/v2\/pages\/18707\/revisions\/18708"}],"wp:attachment":[{"href":"https:\/\/ttaventura.com\/en\/wp-json\/wp\/v2\/media?parent=18707"}],"curies":[{"name":"wp","href":"https:\/\/api.w.org\/{rel}","templated":true}]}}