{"id":18709,"date":"2019-08-31T12:32:46","date_gmt":"2019-08-31T10:32:46","guid":{"rendered":"https:\/\/ttaventura.com\/a-propos-de-nous\/"},"modified":"2019-08-31T12:32:50","modified_gmt":"2019-08-31T10:32:50","slug":"a-propos-de-nous","status":"publish","type":"page","link":"https:\/\/ttaventura.com\/fr\/a-propos-de-nous\/","title":{"rendered":"\u00c0 propos de nous"},"content":{"rendered":"<p>[et_pb_section fb_built=\u00a0\u00bb1&Prime; fullwidth=\u00a0\u00bbon\u00a0\u00bb _builder_version=\u00a0\u00bb3.3.1&Prime; custom_padding=\u00a0\u00bb0px|0px|42px|0px|false|false\u00a0\u00bb background_image=\u00a0\u00bbhttps:\/\/ttaventura.com\/wp-content\/uploads\/2019\/06\/IMG_8278.jpg\u00a0\u00bb][et_pb_fullwidth_slider _builder_version=\u00a0\u00bb3.3.1&Prime; box_shadow_style=\u00a0\u00bbpreset6&Prime; box_shadow_blur=\u00a0\u00bb10px\u00a0\u00bb box_shadow_color=\u00a0\u00bbrgba(0,0,0,0.1)\u00a0\u00bb show_inner_shadow=\u00a0\u00bbon\u00a0\u00bb][et_pb_slide heading=\u00a0\u00bb\u00c0 propos de nous\u00a0\u00bb use_bg_overlay=\u00a0\u00bboff\u00a0\u00bb use_text_overlay=\u00a0\u00bboff\u00a0\u00bb _builder_version=\u00a0\u00bb3.3.1&Prime; header_font=\u00a0\u00bb|600|||||||\u00a0\u00bb header_font_size=\u00a0\u00bb64px\u00a0\u00bb header_text_shadow_style=\u00a0\u00bbpreset1&Prime; background_color=\u00a0\u00bb#ffffff\u00a0\u00bb background_image=\u00a0\u00bbhttps:\/\/ttaventura.com\/wp-content\/uploads\/2019\/06\/IMG_8278.jpg\u00a0\u00bb custom_padding=\u00a0\u00bb|||\u00a0\u00bb][\/et_pb_slide][\/et_pb_fullwidth_slider][\/et_pb_section][et_pb_section fb_built=\u00a0\u00bb1&Prime; _builder_version=\u00a0\u00bb3.0.47&Prime;][et_pb_row _builder_version=\u00a0\u00bb3.0.47&Prime; background_size=\u00a0\u00bbinitial\u00a0\u00bb background_position=\u00a0\u00bbtop_left\u00a0\u00bb background_repeat=\u00a0\u00bbrepeat\u00a0\u00bb custom_padding=\u00a0\u00bb45px|0px|32px|0px|false|false\u00a0\u00bb][et_pb_column type=\u00a0\u00bb4_4&Prime; _builder_version=\u00a0\u00bb3.0.47&Prime; parallax=\u00a0\u00bboff\u00a0\u00bb parallax_method=\u00a0\u00bbon\u00a0\u00bb][et_pb_text _builder_version=\u00a0\u00bb3.3.1&Prime; text_font=\u00a0\u00bb||||||||\u00a0\u00bb custom_margin=\u00a0\u00bb14px||12px|\u00a0\u00bb]<\/p>\n<p style=\"text-align: center;\"><img loading=\"lazy\" decoding=\"async\" class=\"wp-image-18089 alignnone size-medium\" src=\"https:\/\/ttaventura.com\/wp-content\/uploads\/2019\/06\/TT-transparente-300x152.gif\" alt=\"\" width=\"300\" height=\"152\" srcset=\"https:\/\/ttaventura.com\/wp-content\/uploads\/2019\/06\/TT-transparente-300x152.gif 300w, https:\/\/ttaventura.com\/wp-content\/uploads\/2019\/06\/TT-transparente-768x389.gif 768w, https:\/\/ttaventura.com\/wp-content\/uploads\/2019\/06\/TT-transparente-1024x519.gif 1024w, https:\/\/ttaventura.com\/wp-content\/uploads\/2019\/06\/TT-transparente-1080x547.gif 1080w\" sizes=\"(max-width: 300px) 100vw, 300px\" \/><\/p>\n<p style=\"text-align: justify;\">T-T aventura es el resultado de 25 a\u00f1os de experiencia en la realizaci\u00f3n de actividades tur\u00edsticas (deportivas y culturales) de un equipo de profesionales.<\/p>\n<p style=\"text-align: justify;\">Ubicada en A\u00ednsa, en pleno centro de la comarca de Sobrarbe, ofrecemos aventura y diversi\u00f3n en los mejores enclaves del Pirineo de Huesca. La diversidad geogr\u00e1fica de nuestro entorno nos permite disfrutar de la mayor\u00eda de actividades que se desarrollan en la Naturaleza durante todas las estaciones del a\u00f1o.<\/p>\n<p style=\"text-align: justify;\">Aventura y actividades para todos los p\u00fablicos, desde paseos en canoa por el embalse de Mediano, barrancos y rutas de senderismo por los valles del Parque Nacional de Ordesa y Monteperdido, el valle de Chistau, Tella o los Parques Naturales de Posets-Maladeta y\u00a0 el de la Sierra y los Ca\u00f1ones de Guara, hasta descensos de r\u00edos de aguas bravas como el Cinca, el Ara, el \u00c9sera o el Cinqueta.<\/p>\n<p style=\"text-align: justify;\">Encontrar\u00e1s actividades muy asequibles para disfrutar en familia, otras en que s\u00f3lo necesitamos las ganas y otras en las que la experiencia es obligatoria.<\/p>\n<p style=\"text-align: justify;\">Grupos o particulares, colegios, clubes, asociaciones o empresas, todo el mundo tiene cabida en nuestros programas.<\/p>\n<p style=\"text-align: justify;\">Carmen y Tete, desde nuestra oficina de A\u00ednsa, te aconsejar\u00e1n de la opci\u00f3n m\u00e1s adecuada.<\/p>\n<p style=\"text-align: justify;\">Excepto Semana Santa y verano, tambi\u00e9n gestionamos alojamiento y otros servicios, sin costes ni comisiones.<\/p>\n<p style=\"text-align: justify;\">En nuestra oficina de Ainsa tambi\u00e9n podr\u00e1s obtener informaci\u00f3n de las previsiones meteorol\u00f3gicas, del caudal de los r\u00edos y ca\u00f1ones, de la cantidad de nieve y su estado o alquilar material de monta\u00f1a (neoprenos, mochilas, canoas, bicicletas, arn\u00e9s, casco, piolet, crampones, raquetas, etc\u2026 )<\/p>\n<p>[\/et_pb_text][\/et_pb_column][\/et_pb_row][\/et_pb_section]<\/p>\n","protected":false},"excerpt":{"rendered":"<p>T-T aventura es el resultado de 25 a\u00f1os de experiencia en la realizaci\u00f3n de actividades tur\u00edsticas (deportivas y culturales) de un equipo de profesionales. Ubicada en A\u00ednsa, en pleno centro de la comarca de Sobrarbe, ofrecemos aventura y diversi\u00f3n en los mejores enclaves del Pirineo de Huesca. La diversidad geogr\u00e1fica de nuestro entorno nos permite [&hellip;]<\/p>\n","protected":false},"author":1,"featured_media":0,"parent":0,"menu_order":0,"comment_status":"closed","ping_status":"open","template":"","meta":{"_et_pb_use_builder":"on","_et_pb_old_content":"","_et_gb_content_width":"","footnotes":""},"class_list":["post-18709","page","type-page","status-publish","hentry"],"_links":{"self":[{"href":"https:\/\/ttaventura.com\/fr\/wp-json\/wp\/v2\/pages\/18709","targetHints":{"allow":["GET"]}}],"collection":[{"href":"https:\/\/ttaventura.com\/fr\/wp-json\/wp\/v2\/pages"}],"about":[{"href":"https:\/\/ttaventura.com\/fr\/wp-json\/wp\/v2\/types\/page"}],"author":[{"embeddable":true,"href":"https:\/\/ttaventura.com\/fr\/wp-json\/wp\/v2\/users\/1"}],"replies":[{"embeddable":true,"href":"https:\/\/ttaventura.com\/fr\/wp-json\/wp\/v2\/comments?post=18709"}],"version-history":[{"count":1,"href":"https:\/\/ttaventura.com\/fr\/wp-json\/wp\/v2\/pages\/18709\/revisions"}],"predecessor-version":[{"id":18710,"href":"https:\/\/ttaventura.com\/fr\/wp-json\/wp\/v2\/pages\/18709\/revisions\/18710"}],"wp:attachment":[{"href":"https:\/\/ttaventura.com\/fr\/wp-json\/wp\/v2\/media?parent=18709"}],"curies":[{"name":"wp","href":"https:\/\/api.w.org\/{rel}","templated":true}]}}